{"id":18588,"date":"2023-07-26T18:56:09","date_gmt":"2023-07-26T18:56:09","guid":{"rendered":"https:\/\/r2rmedical.ma\/?post_type=product&#038;p=18588"},"modified":"2023-07-26T18:56:16","modified_gmt":"2023-07-26T18:56:16","slug":"boite-de-clips-hemolok-xl-doree","status":"publish","type":"product","link":"https:\/\/r2rmedical.ma\/index.php\/produit\/boite-de-clips-hemolok-xl-doree\/","title":{"rendered":"Boite de clips Hemolok &#8220;XL&#8221; Doree"},"content":{"rendered":"<p>Instruments de coeliosocpie de marque UKR (chine) de grande qualit?.<\/p>\n","protected":false},"excerpt":{"rendered":"<p>Instruments de coeliosocpie de marque UKR (chine) de grande qualit?.<\/p>\n","protected":false},"featured_media":18617,"comment_status":"open","ping_status":"closed","template":"","meta":{"_acf_changed":false},"product_cat":[50],"product_tag":[51,52,53,54],"class_list":{"0":"post-18588","1":"product","2":"type-product","3":"status-publish","4":"has-post-thumbnail","6":"product_cat-coeliochirurgie","7":"product_tag-coeliochirurgie","8":"product_tag-instrument-de-coelioscopie","9":"product_tag-instruments-de-chirurgie","10":"product_tag-materiel-medical","12":"first","13":"instock","14":"shipping-taxable","15":"purchasable","16":"product-type-simple"},"acf":[],"yoast_head":"<!-- This site is optimized with the Yoast SEO plugin v21.1 - https:\/\/yoast.com\/wordpress\/plugins\/seo\/ -->\n<title>Boite de clips Hemolok &quot;XL&quot; Doree - R2R M\u00e9dical<\/title>\n<meta name=\"robots\" content=\"index, follow, max-snippet:-1, max-image-preview:large, max-video-preview:-1\" \/>\n<link rel=\"canonical\" href=\"https:\/\/r2rmedical.ma\/index.php\/produit\/boite-de-clips-hemolok-xl-doree\/\" \/>\n<meta property=\"og:locale\" content=\"fr_FR\" \/>\n<meta property=\"og:type\" content=\"article\" \/>\n<meta property=\"og:title\" content=\"Boite de clips Hemolok &quot;XL&quot; Doree - R2R M\u00e9dical\" \/>\n<meta property=\"og:description\" content=\"Instruments de coeliosocpie de marque UKR (chine) de grande qualit?.\" \/>\n<meta property=\"og:url\" content=\"https:\/\/r2rmedical.ma\/index.php\/produit\/boite-de-clips-hemolok-xl-doree\/\" \/>\n<meta property=\"og:site_name\" content=\"R2R M\u00e9dical\" \/>\n<meta property=\"article:modified_time\" content=\"2023-07-26T18:56:16+00:00\" \/>\n<meta property=\"og:image\" content=\"https:\/\/r2rmedical.ma\/wp-content\/uploads\/2023\/07\/D_NQ_NP_759490-MLV46722648503_072021-O-1.jpg\" \/>\n\t<meta property=\"og:image:width\" content=\"500\" \/>\n\t<meta property=\"og:image:height\" content=\"438\" \/>\n\t<meta property=\"og:image:type\" content=\"image\/jpeg\" \/>\n<meta name=\"twitter:card\" content=\"summary_large_image\" \/>\n<script type=\"application\/ld+json\" class=\"yoast-schema-graph\">{\"@context\":\"https:\/\/schema.org\",\"@graph\":[{\"@type\":\"WebPage\",\"@id\":\"https:\/\/r2rmedical.ma\/index.php\/produit\/boite-de-clips-hemolok-xl-doree\/\",\"url\":\"https:\/\/r2rmedical.ma\/index.php\/produit\/boite-de-clips-hemolok-xl-doree\/\",\"name\":\"Boite de clips Hemolok \\\"XL\\\" Doree - R2R M\u00e9dical\",\"isPartOf\":{\"@id\":\"https:\/\/r2rmedical.ma\/#website\"},\"datePublished\":\"2023-07-26T18:56:09+00:00\",\"dateModified\":\"2023-07-26T18:56:16+00:00\",\"breadcrumb\":{\"@id\":\"https:\/\/r2rmedical.ma\/index.php\/produit\/boite-de-clips-hemolok-xl-doree\/#breadcrumb\"},\"inLanguage\":\"fr-FR\",\"potentialAction\":[{\"@type\":\"ReadAction\",\"target\":[\"https:\/\/r2rmedical.ma\/index.php\/produit\/boite-de-clips-hemolok-xl-doree\/\"]}]},{\"@type\":\"BreadcrumbList\",\"@id\":\"https:\/\/r2rmedical.ma\/index.php\/produit\/boite-de-clips-hemolok-xl-doree\/#breadcrumb\",\"itemListElement\":[{\"@type\":\"ListItem\",\"position\":1,\"name\":\"Accueil\",\"item\":\"https:\/\/r2rmedical.ma\/\"},{\"@type\":\"ListItem\",\"position\":2,\"name\":\"Boutique\",\"item\":\"https:\/\/r2rmedical.ma\/index.php\/boutique\/\"},{\"@type\":\"ListItem\",\"position\":3,\"name\":\"Boite de clips Hemolok \u00ab\u00a0XL\u00a0\u00bb Doree\"}]},{\"@type\":\"WebSite\",\"@id\":\"https:\/\/r2rmedical.ma\/#website\",\"url\":\"https:\/\/r2rmedical.ma\/\",\"name\":\"R2R M\u00e9dical\",\"description\":\"Import-export de mat\u00e9riel et dispositifs m\u00e9dicaux\",\"publisher\":{\"@id\":\"https:\/\/r2rmedical.ma\/#organization\"},\"potentialAction\":[{\"@type\":\"SearchAction\",\"target\":{\"@type\":\"EntryPoint\",\"urlTemplate\":\"https:\/\/r2rmedical.ma\/?s={search_term_string}\"},\"query-input\":\"required name=search_term_string\"}],\"inLanguage\":\"fr-FR\"},{\"@type\":\"Organization\",\"@id\":\"https:\/\/r2rmedical.ma\/#organization\",\"name\":\"R2R M\u00e9dical\",\"url\":\"https:\/\/r2rmedical.ma\/\",\"logo\":{\"@type\":\"ImageObject\",\"inLanguage\":\"fr-FR\",\"@id\":\"https:\/\/r2rmedical.ma\/#\/schema\/logo\/image\/\",\"url\":\"https:\/\/r2rmedical.ma\/wp-content\/uploads\/2023\/07\/cropped-Blue-Minimalist-Health-Tech-Medical-Logo-1.png\",\"contentUrl\":\"https:\/\/r2rmedical.ma\/wp-content\/uploads\/2023\/07\/cropped-Blue-Minimalist-Health-Tech-Medical-Logo-1.png\",\"width\":512,\"height\":512,\"caption\":\"R2R M\u00e9dical\"},\"image\":{\"@id\":\"https:\/\/r2rmedical.ma\/#\/schema\/logo\/image\/\"}}]}<\/script>\n<!-- \/ Yoast SEO plugin. -->","yoast_head_json":{"title":"Boite de clips Hemolok \"XL\" Doree - R2R M\u00e9dical","robots":{"index":"index","follow":"follow","max-snippet":"max-snippet:-1","max-image-preview":"max-image-preview:large","max-video-preview":"max-video-preview:-1"},"canonical":"https:\/\/r2rmedical.ma\/index.php\/produit\/boite-de-clips-hemolok-xl-doree\/","og_locale":"fr_FR","og_type":"article","og_title":"Boite de clips Hemolok \"XL\" Doree - R2R M\u00e9dical","og_description":"Instruments de coeliosocpie de marque UKR (chine) de grande qualit?.","og_url":"https:\/\/r2rmedical.ma\/index.php\/produit\/boite-de-clips-hemolok-xl-doree\/","og_site_name":"R2R M\u00e9dical","article_modified_time":"2023-07-26T18:56:16+00:00","og_image":[{"width":500,"height":438,"url":"https:\/\/r2rmedical.ma\/wp-content\/uploads\/2023\/07\/D_NQ_NP_759490-MLV46722648503_072021-O-1.jpg","type":"image\/jpeg"}],"twitter_card":"summary_large_image","schema":{"@context":"https:\/\/schema.org","@graph":[{"@type":"WebPage","@id":"https:\/\/r2rmedical.ma\/index.php\/produit\/boite-de-clips-hemolok-xl-doree\/","url":"https:\/\/r2rmedical.ma\/index.php\/produit\/boite-de-clips-hemolok-xl-doree\/","name":"Boite de clips Hemolok \"XL\" Doree - R2R M\u00e9dical","isPartOf":{"@id":"https:\/\/r2rmedical.ma\/#website"},"datePublished":"2023-07-26T18:56:09+00:00","dateModified":"2023-07-26T18:56:16+00:00","breadcrumb":{"@id":"https:\/\/r2rmedical.ma\/index.php\/produit\/boite-de-clips-hemolok-xl-doree\/#breadcrumb"},"inLanguage":"fr-FR","potentialAction":[{"@type":"ReadAction","target":["https:\/\/r2rmedical.ma\/index.php\/produit\/boite-de-clips-hemolok-xl-doree\/"]}]},{"@type":"BreadcrumbList","@id":"https:\/\/r2rmedical.ma\/index.php\/produit\/boite-de-clips-hemolok-xl-doree\/#breadcrumb","itemListElement":[{"@type":"ListItem","position":1,"name":"Accueil","item":"https:\/\/r2rmedical.ma\/"},{"@type":"ListItem","position":2,"name":"Boutique","item":"https:\/\/r2rmedical.ma\/index.php\/boutique\/"},{"@type":"ListItem","position":3,"name":"Boite de clips Hemolok \u00ab\u00a0XL\u00a0\u00bb Doree"}]},{"@type":"WebSite","@id":"https:\/\/r2rmedical.ma\/#website","url":"https:\/\/r2rmedical.ma\/","name":"R2R M\u00e9dical","description":"Import-export de mat\u00e9riel et dispositifs m\u00e9dicaux","publisher":{"@id":"https:\/\/r2rmedical.ma\/#organization"},"potentialAction":[{"@type":"SearchAction","target":{"@type":"EntryPoint","urlTemplate":"https:\/\/r2rmedical.ma\/?s={search_term_string}"},"query-input":"required name=search_term_string"}],"inLanguage":"fr-FR"},{"@type":"Organization","@id":"https:\/\/r2rmedical.ma\/#organization","name":"R2R M\u00e9dical","url":"https:\/\/r2rmedical.ma\/","logo":{"@type":"ImageObject","inLanguage":"fr-FR","@id":"https:\/\/r2rmedical.ma\/#\/schema\/logo\/image\/","url":"https:\/\/r2rmedical.ma\/wp-content\/uploads\/2023\/07\/cropped-Blue-Minimalist-Health-Tech-Medical-Logo-1.png","contentUrl":"https:\/\/r2rmedical.ma\/wp-content\/uploads\/2023\/07\/cropped-Blue-Minimalist-Health-Tech-Medical-Logo-1.png","width":512,"height":512,"caption":"R2R M\u00e9dical"},"image":{"@id":"https:\/\/r2rmedical.ma\/#\/schema\/logo\/image\/"}}]}},"_links":{"self":[{"href":"https:\/\/r2rmedical.ma\/index.php\/wp-json\/wp\/v2\/product\/18588","targetHints":{"allow":["GET"]}}],"collection":[{"href":"https:\/\/r2rmedical.ma\/index.php\/wp-json\/wp\/v2\/product"}],"about":[{"href":"https:\/\/r2rmedical.ma\/index.php\/wp-json\/wp\/v2\/types\/product"}],"replies":[{"embeddable":true,"href":"https:\/\/r2rmedical.ma\/index.php\/wp-json\/wp\/v2\/comments?post=18588"}],"wp:featuredmedia":[{"embeddable":true,"href":"https:\/\/r2rmedical.ma\/index.php\/wp-json\/wp\/v2\/media\/18617"}],"wp:attachment":[{"href":"https:\/\/r2rmedical.ma\/index.php\/wp-json\/wp\/v2\/media?parent=18588"}],"wp:term":[{"taxonomy":"product_cat","embeddable":true,"href":"https:\/\/r2rmedical.ma\/index.php\/wp-json\/wp\/v2\/product_cat?post=18588"},{"taxonomy":"product_tag","embeddable":true,"href":"https:\/\/r2rmedical.ma\/index.php\/wp-json\/wp\/v2\/product_tag?post=18588"}],"curies":[{"name":"wp","href":"https:\/\/api.w.org\/{rel}","templated":true}]}}