{"id":18472,"date":"2023-07-25T14:25:35","date_gmt":"2023-07-25T14:25:35","guid":{"rendered":"https:\/\/r2rmedical.ma\/?post_type=product&#038;p=18472"},"modified":"2023-07-25T14:25:36","modified_gmt":"2023-07-25T14:25:36","slug":"bande-platree","status":"publish","type":"product","link":"https:\/\/r2rmedical.ma\/index.php\/produit\/bande-platree\/","title":{"rendered":"BANDE PLATREE"},"content":{"rendered":"<ul>\n<li>Prise moyenne<\/li>\n<li>POP Paris Bandage<\/li>\n<\/ul>\n","protected":false},"excerpt":{"rendered":"<p>SHANG<\/p>\n","protected":false},"featured_media":17793,"comment_status":"open","ping_status":"closed","template":"","meta":{"_acf_changed":false},"product_cat":[61],"product_tag":[],"class_list":{"0":"post-18472","1":"product","2":"type-product","3":"status-publish","4":"has-post-thumbnail","6":"product_cat-soins","8":"first","9":"instock","10":"shipping-taxable","11":"purchasable","12":"product-type-simple"},"acf":[],"yoast_head":"<!-- This site is optimized with the Yoast SEO plugin v21.1 - https:\/\/yoast.com\/wordpress\/plugins\/seo\/ -->\n<title>BANDE PLATREE - R2R M\u00e9dical<\/title>\n<meta name=\"robots\" content=\"index, follow, max-snippet:-1, max-image-preview:large, max-video-preview:-1\" \/>\n<link rel=\"canonical\" href=\"https:\/\/r2rmedical.ma\/index.php\/produit\/bande-platree\/\" \/>\n<meta property=\"og:locale\" content=\"fr_FR\" \/>\n<meta property=\"og:type\" content=\"article\" \/>\n<meta property=\"og:title\" content=\"BANDE PLATREE - R2R M\u00e9dical\" \/>\n<meta property=\"og:description\" content=\"SHANG\" \/>\n<meta property=\"og:url\" content=\"https:\/\/r2rmedical.ma\/index.php\/produit\/bande-platree\/\" \/>\n<meta property=\"og:site_name\" content=\"R2R M\u00e9dical\" \/>\n<meta property=\"article:modified_time\" content=\"2023-07-25T14:25:36+00:00\" \/>\n<meta property=\"og:image\" content=\"https:\/\/r2rmedical.ma\/wp-content\/uploads\/2023\/07\/500190-20181023181904.jpg\" \/>\n\t<meta property=\"og:image:width\" content=\"700\" \/>\n\t<meta property=\"og:image:height\" content=\"636\" \/>\n\t<meta property=\"og:image:type\" content=\"image\/jpeg\" \/>\n<meta name=\"twitter:card\" content=\"summary_large_image\" \/>\n<script type=\"application\/ld+json\" class=\"yoast-schema-graph\">{\"@context\":\"https:\/\/schema.org\",\"@graph\":[{\"@type\":\"WebPage\",\"@id\":\"https:\/\/r2rmedical.ma\/index.php\/produit\/bande-platree\/\",\"url\":\"https:\/\/r2rmedical.ma\/index.php\/produit\/bande-platree\/\",\"name\":\"BANDE PLATREE - R2R M\u00e9dical\",\"isPartOf\":{\"@id\":\"https:\/\/r2rmedical.ma\/#website\"},\"datePublished\":\"2023-07-25T14:25:35+00:00\",\"dateModified\":\"2023-07-25T14:25:36+00:00\",\"breadcrumb\":{\"@id\":\"https:\/\/r2rmedical.ma\/index.php\/produit\/bande-platree\/#breadcrumb\"},\"inLanguage\":\"fr-FR\",\"potentialAction\":[{\"@type\":\"ReadAction\",\"target\":[\"https:\/\/r2rmedical.ma\/index.php\/produit\/bande-platree\/\"]}]},{\"@type\":\"BreadcrumbList\",\"@id\":\"https:\/\/r2rmedical.ma\/index.php\/produit\/bande-platree\/#breadcrumb\",\"itemListElement\":[{\"@type\":\"ListItem\",\"position\":1,\"name\":\"Accueil\",\"item\":\"https:\/\/r2rmedical.ma\/\"},{\"@type\":\"ListItem\",\"position\":2,\"name\":\"Boutique\",\"item\":\"https:\/\/r2rmedical.ma\/index.php\/boutique\/\"},{\"@type\":\"ListItem\",\"position\":3,\"name\":\"BANDE PLATREE\"}]},{\"@type\":\"WebSite\",\"@id\":\"https:\/\/r2rmedical.ma\/#website\",\"url\":\"https:\/\/r2rmedical.ma\/\",\"name\":\"R2R M\u00e9dical\",\"description\":\"Import-export de mat\u00e9riel et dispositifs m\u00e9dicaux\",\"publisher\":{\"@id\":\"https:\/\/r2rmedical.ma\/#organization\"},\"potentialAction\":[{\"@type\":\"SearchAction\",\"target\":{\"@type\":\"EntryPoint\",\"urlTemplate\":\"https:\/\/r2rmedical.ma\/?s={search_term_string}\"},\"query-input\":\"required name=search_term_string\"}],\"inLanguage\":\"fr-FR\"},{\"@type\":\"Organization\",\"@id\":\"https:\/\/r2rmedical.ma\/#organization\",\"name\":\"R2R M\u00e9dical\",\"url\":\"https:\/\/r2rmedical.ma\/\",\"logo\":{\"@type\":\"ImageObject\",\"inLanguage\":\"fr-FR\",\"@id\":\"https:\/\/r2rmedical.ma\/#\/schema\/logo\/image\/\",\"url\":\"https:\/\/r2rmedical.ma\/wp-content\/uploads\/2023\/07\/cropped-Blue-Minimalist-Health-Tech-Medical-Logo-1.png\",\"contentUrl\":\"https:\/\/r2rmedical.ma\/wp-content\/uploads\/2023\/07\/cropped-Blue-Minimalist-Health-Tech-Medical-Logo-1.png\",\"width\":512,\"height\":512,\"caption\":\"R2R M\u00e9dical\"},\"image\":{\"@id\":\"https:\/\/r2rmedical.ma\/#\/schema\/logo\/image\/\"}}]}<\/script>\n<!-- \/ Yoast SEO plugin. -->","yoast_head_json":{"title":"BANDE PLATREE - R2R M\u00e9dical","robots":{"index":"index","follow":"follow","max-snippet":"max-snippet:-1","max-image-preview":"max-image-preview:large","max-video-preview":"max-video-preview:-1"},"canonical":"https:\/\/r2rmedical.ma\/index.php\/produit\/bande-platree\/","og_locale":"fr_FR","og_type":"article","og_title":"BANDE PLATREE - R2R M\u00e9dical","og_description":"SHANG","og_url":"https:\/\/r2rmedical.ma\/index.php\/produit\/bande-platree\/","og_site_name":"R2R M\u00e9dical","article_modified_time":"2023-07-25T14:25:36+00:00","og_image":[{"width":700,"height":636,"url":"https:\/\/r2rmedical.ma\/wp-content\/uploads\/2023\/07\/500190-20181023181904.jpg","type":"image\/jpeg"}],"twitter_card":"summary_large_image","schema":{"@context":"https:\/\/schema.org","@graph":[{"@type":"WebPage","@id":"https:\/\/r2rmedical.ma\/index.php\/produit\/bande-platree\/","url":"https:\/\/r2rmedical.ma\/index.php\/produit\/bande-platree\/","name":"BANDE PLATREE - R2R M\u00e9dical","isPartOf":{"@id":"https:\/\/r2rmedical.ma\/#website"},"datePublished":"2023-07-25T14:25:35+00:00","dateModified":"2023-07-25T14:25:36+00:00","breadcrumb":{"@id":"https:\/\/r2rmedical.ma\/index.php\/produit\/bande-platree\/#breadcrumb"},"inLanguage":"fr-FR","potentialAction":[{"@type":"ReadAction","target":["https:\/\/r2rmedical.ma\/index.php\/produit\/bande-platree\/"]}]},{"@type":"BreadcrumbList","@id":"https:\/\/r2rmedical.ma\/index.php\/produit\/bande-platree\/#breadcrumb","itemListElement":[{"@type":"ListItem","position":1,"name":"Accueil","item":"https:\/\/r2rmedical.ma\/"},{"@type":"ListItem","position":2,"name":"Boutique","item":"https:\/\/r2rmedical.ma\/index.php\/boutique\/"},{"@type":"ListItem","position":3,"name":"BANDE PLATREE"}]},{"@type":"WebSite","@id":"https:\/\/r2rmedical.ma\/#website","url":"https:\/\/r2rmedical.ma\/","name":"R2R M\u00e9dical","description":"Import-export de mat\u00e9riel et dispositifs m\u00e9dicaux","publisher":{"@id":"https:\/\/r2rmedical.ma\/#organization"},"potentialAction":[{"@type":"SearchAction","target":{"@type":"EntryPoint","urlTemplate":"https:\/\/r2rmedical.ma\/?s={search_term_string}"},"query-input":"required name=search_term_string"}],"inLanguage":"fr-FR"},{"@type":"Organization","@id":"https:\/\/r2rmedical.ma\/#organization","name":"R2R M\u00e9dical","url":"https:\/\/r2rmedical.ma\/","logo":{"@type":"ImageObject","inLanguage":"fr-FR","@id":"https:\/\/r2rmedical.ma\/#\/schema\/logo\/image\/","url":"https:\/\/r2rmedical.ma\/wp-content\/uploads\/2023\/07\/cropped-Blue-Minimalist-Health-Tech-Medical-Logo-1.png","contentUrl":"https:\/\/r2rmedical.ma\/wp-content\/uploads\/2023\/07\/cropped-Blue-Minimalist-Health-Tech-Medical-Logo-1.png","width":512,"height":512,"caption":"R2R M\u00e9dical"},"image":{"@id":"https:\/\/r2rmedical.ma\/#\/schema\/logo\/image\/"}}]}},"_links":{"self":[{"href":"https:\/\/r2rmedical.ma\/index.php\/wp-json\/wp\/v2\/product\/18472","targetHints":{"allow":["GET"]}}],"collection":[{"href":"https:\/\/r2rmedical.ma\/index.php\/wp-json\/wp\/v2\/product"}],"about":[{"href":"https:\/\/r2rmedical.ma\/index.php\/wp-json\/wp\/v2\/types\/product"}],"replies":[{"embeddable":true,"href":"https:\/\/r2rmedical.ma\/index.php\/wp-json\/wp\/v2\/comments?post=18472"}],"wp:featuredmedia":[{"embeddable":true,"href":"https:\/\/r2rmedical.ma\/index.php\/wp-json\/wp\/v2\/media\/17793"}],"wp:attachment":[{"href":"https:\/\/r2rmedical.ma\/index.php\/wp-json\/wp\/v2\/media?parent=18472"}],"wp:term":[{"taxonomy":"product_cat","embeddable":true,"href":"https:\/\/r2rmedical.ma\/index.php\/wp-json\/wp\/v2\/product_cat?post=18472"},{"taxonomy":"product_tag","embeddable":true,"href":"https:\/\/r2rmedical.ma\/index.php\/wp-json\/wp\/v2\/product_tag?post=18472"}],"curies":[{"name":"wp","href":"https:\/\/api.w.org\/{rel}","templated":true}]}}