{"id":18419,"date":"2023-07-25T14:25:31","date_gmt":"2023-07-25T14:25:31","guid":{"rendered":"https:\/\/r2rmedical.ma\/?post_type=product&#038;p=18419"},"modified":"2023-07-25T14:25:32","modified_gmt":"2023-07-25T14:25:32","slug":"orthese-de-cheville-en-gel-stabilisatrice","status":"publish","type":"product","link":"https:\/\/r2rmedical.ma\/index.php\/produit\/orthese-de-cheville-en-gel-stabilisatrice\/","title":{"rendered":"ORTHESE DE CHEVILLE EN GEL STABILISATRICE"},"content":{"rendered":"<p>\u2022 Attelle de Cheville ouverte en Gel avec coques thermoplastiques rigides<br \/>\n\u2022 \u00c0 2 sangles ajustables de fixation de l\u2019orth\u00e8se<br \/>\n\u2022 Coussins bilat\u00e9raux en gel d\u00e9tachables permettant d\u2019\u00eatre frigorifi\u00e9s<br \/>\npour traiter les chevilles sensibles ou enfl\u00e9es pour une cryoth\u00e9rapie localis\u00e9e.<br \/>\n\u2022 Ambidextre<br \/>\n\u2022 Facile \u00e0 entretenir<br \/>\n\u2022 Taille : Large<\/p>\n<p><u><strong>Prescription:<\/strong><\/u><br \/>\n&#8211; Entorses s\u00e9v\u00e8res de la cheville<br \/>\n&#8211; Laxit\u00e9 chronique<br \/>\n&#8211; Suites de fractures mall\u00e9olaires<br \/>\n&#8211; Pl\u00e2tre pr\u00e9 ou post op\u00e9ratoire<\/p>\n","protected":false},"excerpt":{"rendered":"<p>MIC<\/p>\n","protected":false},"featured_media":17631,"comment_status":"open","ping_status":"closed","template":"","meta":{"_acf_changed":false},"product_cat":[59],"product_tag":[],"class_list":{"0":"post-18419","1":"product","2":"type-product","3":"status-publish","4":"has-post-thumbnail","6":"product_cat-orthopedie","8":"first","9":"instock","10":"shipping-taxable","11":"purchasable","12":"product-type-simple"},"acf":[],"yoast_head":"<!-- This site is optimized with the Yoast SEO plugin v21.1 - https:\/\/yoast.com\/wordpress\/plugins\/seo\/ -->\n<title>ORTHESE DE CHEVILLE EN GEL STABILISATRICE - R2R M\u00e9dical<\/title>\n<meta name=\"robots\" content=\"index, follow, max-snippet:-1, max-image-preview:large, max-video-preview:-1\" \/>\n<link rel=\"canonical\" href=\"https:\/\/r2rmedical.ma\/index.php\/produit\/orthese-de-cheville-en-gel-stabilisatrice\/\" \/>\n<meta property=\"og:locale\" content=\"fr_FR\" \/>\n<meta property=\"og:type\" content=\"article\" \/>\n<meta property=\"og:title\" content=\"ORTHESE DE CHEVILLE EN GEL STABILISATRICE - R2R M\u00e9dical\" \/>\n<meta property=\"og:description\" content=\"MIC\" \/>\n<meta property=\"og:url\" content=\"https:\/\/r2rmedical.ma\/index.php\/produit\/orthese-de-cheville-en-gel-stabilisatrice\/\" \/>\n<meta property=\"og:site_name\" content=\"R2R M\u00e9dical\" \/>\n<meta property=\"article:modified_time\" content=\"2023-07-25T14:25:32+00:00\" \/>\n<meta property=\"og:image\" content=\"https:\/\/r2rmedical.ma\/wp-content\/uploads\/2023\/07\/901400-N-20210202171220.jpg\" \/>\n\t<meta property=\"og:image:width\" content=\"500\" \/>\n\t<meta property=\"og:image:height\" content=\"500\" \/>\n\t<meta property=\"og:image:type\" content=\"image\/jpeg\" \/>\n<meta name=\"twitter:card\" content=\"summary_large_image\" \/>\n<script type=\"application\/ld+json\" class=\"yoast-schema-graph\">{\"@context\":\"https:\/\/schema.org\",\"@graph\":[{\"@type\":\"WebPage\",\"@id\":\"https:\/\/r2rmedical.ma\/index.php\/produit\/orthese-de-cheville-en-gel-stabilisatrice\/\",\"url\":\"https:\/\/r2rmedical.ma\/index.php\/produit\/orthese-de-cheville-en-gel-stabilisatrice\/\",\"name\":\"ORTHESE DE CHEVILLE EN GEL STABILISATRICE - R2R M\u00e9dical\",\"isPartOf\":{\"@id\":\"https:\/\/r2rmedical.ma\/#website\"},\"datePublished\":\"2023-07-25T14:25:31+00:00\",\"dateModified\":\"2023-07-25T14:25:32+00:00\",\"breadcrumb\":{\"@id\":\"https:\/\/r2rmedical.ma\/index.php\/produit\/orthese-de-cheville-en-gel-stabilisatrice\/#breadcrumb\"},\"inLanguage\":\"fr-FR\",\"potentialAction\":[{\"@type\":\"ReadAction\",\"target\":[\"https:\/\/r2rmedical.ma\/index.php\/produit\/orthese-de-cheville-en-gel-stabilisatrice\/\"]}]},{\"@type\":\"BreadcrumbList\",\"@id\":\"https:\/\/r2rmedical.ma\/index.php\/produit\/orthese-de-cheville-en-gel-stabilisatrice\/#breadcrumb\",\"itemListElement\":[{\"@type\":\"ListItem\",\"position\":1,\"name\":\"Accueil\",\"item\":\"https:\/\/r2rmedical.ma\/\"},{\"@type\":\"ListItem\",\"position\":2,\"name\":\"Boutique\",\"item\":\"https:\/\/r2rmedical.ma\/index.php\/boutique\/\"},{\"@type\":\"ListItem\",\"position\":3,\"name\":\"ORTHESE DE CHEVILLE EN GEL STABILISATRICE\"}]},{\"@type\":\"WebSite\",\"@id\":\"https:\/\/r2rmedical.ma\/#website\",\"url\":\"https:\/\/r2rmedical.ma\/\",\"name\":\"R2R M\u00e9dical\",\"description\":\"Import-export de mat\u00e9riel et dispositifs m\u00e9dicaux\",\"publisher\":{\"@id\":\"https:\/\/r2rmedical.ma\/#organization\"},\"potentialAction\":[{\"@type\":\"SearchAction\",\"target\":{\"@type\":\"EntryPoint\",\"urlTemplate\":\"https:\/\/r2rmedical.ma\/?s={search_term_string}\"},\"query-input\":\"required name=search_term_string\"}],\"inLanguage\":\"fr-FR\"},{\"@type\":\"Organization\",\"@id\":\"https:\/\/r2rmedical.ma\/#organization\",\"name\":\"R2R M\u00e9dical\",\"url\":\"https:\/\/r2rmedical.ma\/\",\"logo\":{\"@type\":\"ImageObject\",\"inLanguage\":\"fr-FR\",\"@id\":\"https:\/\/r2rmedical.ma\/#\/schema\/logo\/image\/\",\"url\":\"https:\/\/r2rmedical.ma\/wp-content\/uploads\/2023\/07\/cropped-Blue-Minimalist-Health-Tech-Medical-Logo-1.png\",\"contentUrl\":\"https:\/\/r2rmedical.ma\/wp-content\/uploads\/2023\/07\/cropped-Blue-Minimalist-Health-Tech-Medical-Logo-1.png\",\"width\":512,\"height\":512,\"caption\":\"R2R M\u00e9dical\"},\"image\":{\"@id\":\"https:\/\/r2rmedical.ma\/#\/schema\/logo\/image\/\"}}]}<\/script>\n<!-- \/ Yoast SEO plugin. -->","yoast_head_json":{"title":"ORTHESE DE CHEVILLE EN GEL STABILISATRICE - R2R M\u00e9dical","robots":{"index":"index","follow":"follow","max-snippet":"max-snippet:-1","max-image-preview":"max-image-preview:large","max-video-preview":"max-video-preview:-1"},"canonical":"https:\/\/r2rmedical.ma\/index.php\/produit\/orthese-de-cheville-en-gel-stabilisatrice\/","og_locale":"fr_FR","og_type":"article","og_title":"ORTHESE DE CHEVILLE EN GEL STABILISATRICE - R2R M\u00e9dical","og_description":"MIC","og_url":"https:\/\/r2rmedical.ma\/index.php\/produit\/orthese-de-cheville-en-gel-stabilisatrice\/","og_site_name":"R2R M\u00e9dical","article_modified_time":"2023-07-25T14:25:32+00:00","og_image":[{"width":500,"height":500,"url":"https:\/\/r2rmedical.ma\/wp-content\/uploads\/2023\/07\/901400-N-20210202171220.jpg","type":"image\/jpeg"}],"twitter_card":"summary_large_image","schema":{"@context":"https:\/\/schema.org","@graph":[{"@type":"WebPage","@id":"https:\/\/r2rmedical.ma\/index.php\/produit\/orthese-de-cheville-en-gel-stabilisatrice\/","url":"https:\/\/r2rmedical.ma\/index.php\/produit\/orthese-de-cheville-en-gel-stabilisatrice\/","name":"ORTHESE DE CHEVILLE EN GEL STABILISATRICE - R2R M\u00e9dical","isPartOf":{"@id":"https:\/\/r2rmedical.ma\/#website"},"datePublished":"2023-07-25T14:25:31+00:00","dateModified":"2023-07-25T14:25:32+00:00","breadcrumb":{"@id":"https:\/\/r2rmedical.ma\/index.php\/produit\/orthese-de-cheville-en-gel-stabilisatrice\/#breadcrumb"},"inLanguage":"fr-FR","potentialAction":[{"@type":"ReadAction","target":["https:\/\/r2rmedical.ma\/index.php\/produit\/orthese-de-cheville-en-gel-stabilisatrice\/"]}]},{"@type":"BreadcrumbList","@id":"https:\/\/r2rmedical.ma\/index.php\/produit\/orthese-de-cheville-en-gel-stabilisatrice\/#breadcrumb","itemListElement":[{"@type":"ListItem","position":1,"name":"Accueil","item":"https:\/\/r2rmedical.ma\/"},{"@type":"ListItem","position":2,"name":"Boutique","item":"https:\/\/r2rmedical.ma\/index.php\/boutique\/"},{"@type":"ListItem","position":3,"name":"ORTHESE DE CHEVILLE EN GEL STABILISATRICE"}]},{"@type":"WebSite","@id":"https:\/\/r2rmedical.ma\/#website","url":"https:\/\/r2rmedical.ma\/","name":"R2R M\u00e9dical","description":"Import-export de mat\u00e9riel et dispositifs m\u00e9dicaux","publisher":{"@id":"https:\/\/r2rmedical.ma\/#organization"},"potentialAction":[{"@type":"SearchAction","target":{"@type":"EntryPoint","urlTemplate":"https:\/\/r2rmedical.ma\/?s={search_term_string}"},"query-input":"required name=search_term_string"}],"inLanguage":"fr-FR"},{"@type":"Organization","@id":"https:\/\/r2rmedical.ma\/#organization","name":"R2R M\u00e9dical","url":"https:\/\/r2rmedical.ma\/","logo":{"@type":"ImageObject","inLanguage":"fr-FR","@id":"https:\/\/r2rmedical.ma\/#\/schema\/logo\/image\/","url":"https:\/\/r2rmedical.ma\/wp-content\/uploads\/2023\/07\/cropped-Blue-Minimalist-Health-Tech-Medical-Logo-1.png","contentUrl":"https:\/\/r2rmedical.ma\/wp-content\/uploads\/2023\/07\/cropped-Blue-Minimalist-Health-Tech-Medical-Logo-1.png","width":512,"height":512,"caption":"R2R M\u00e9dical"},"image":{"@id":"https:\/\/r2rmedical.ma\/#\/schema\/logo\/image\/"}}]}},"_links":{"self":[{"href":"https:\/\/r2rmedical.ma\/index.php\/wp-json\/wp\/v2\/product\/18419","targetHints":{"allow":["GET"]}}],"collection":[{"href":"https:\/\/r2rmedical.ma\/index.php\/wp-json\/wp\/v2\/product"}],"about":[{"href":"https:\/\/r2rmedical.ma\/index.php\/wp-json\/wp\/v2\/types\/product"}],"replies":[{"embeddable":true,"href":"https:\/\/r2rmedical.ma\/index.php\/wp-json\/wp\/v2\/comments?post=18419"}],"wp:featuredmedia":[{"embeddable":true,"href":"https:\/\/r2rmedical.ma\/index.php\/wp-json\/wp\/v2\/media\/17631"}],"wp:attachment":[{"href":"https:\/\/r2rmedical.ma\/index.php\/wp-json\/wp\/v2\/media?parent=18419"}],"wp:term":[{"taxonomy":"product_cat","embeddable":true,"href":"https:\/\/r2rmedical.ma\/index.php\/wp-json\/wp\/v2\/product_cat?post=18419"},{"taxonomy":"product_tag","embeddable":true,"href":"https:\/\/r2rmedical.ma\/index.php\/wp-json\/wp\/v2\/product_tag?post=18419"}],"curies":[{"name":"wp","href":"https:\/\/api.w.org\/{rel}","templated":true}]}}