{"id":18379,"date":"2023-07-25T14:25:28","date_gmt":"2023-07-25T14:25:28","guid":{"rendered":"https:\/\/r2rmedical.ma\/?post_type=product&#038;p=18379"},"modified":"2023-07-25T14:25:29","modified_gmt":"2023-07-25T14:25:29","slug":"bas-cuisse-ouvert-classe-2-medium","status":"publish","type":"product","link":"https:\/\/r2rmedical.ma\/index.php\/produit\/bas-cuisse-ouvert-classe-2-medium\/","title":{"rendered":"BAS-CUISSE OUVERT CLASSE 2 MEDIUM"},"content":{"rendered":"<p>LARGE<br \/>\n420,00 DHS<br \/>\n\u2022 Facilite la circulation sanguine<br \/>\n\u2022 R\u00e9duit la fatigue, les enflures et les varices<br \/>\n\u2022 Soulage la fatigue des jambes<br \/>\n\u2022 Bou ferm\u00e9 pour un ajustement optimal<br \/>\n\u2022 Compression progressive au niveau des jambes<br \/>\n\u2022 Mat\u00e9riaux en spandex pour un support et une compression ferme<br \/>\n<strong>Prescriptions:<\/strong><br \/>\n&#8211; Anti DVT &#8211; DVT chirurgical<br \/>\n&#8211; Anti-embolie &#8211; Anti-thrombose<br \/>\n&#8211; Enflure l\u00e9g\u00e8re &#8211; Veine variqueuse<br \/>\n&#8211; CLASSE 2 : 20 -30mm Hg<\/p>\n","protected":false},"excerpt":{"rendered":"<p>DR-MED<\/p>\n","protected":false},"featured_media":17557,"comment_status":"open","ping_status":"closed","template":"","meta":{"_acf_changed":false},"product_cat":[59],"product_tag":[],"class_list":{"0":"post-18379","1":"product","2":"type-product","3":"status-publish","4":"has-post-thumbnail","6":"product_cat-orthopedie","8":"first","9":"instock","10":"shipping-taxable","11":"purchasable","12":"product-type-simple"},"acf":[],"yoast_head":"<!-- This site is optimized with the Yoast SEO plugin v21.1 - https:\/\/yoast.com\/wordpress\/plugins\/seo\/ -->\n<title>BAS-CUISSE OUVERT CLASSE 2 MEDIUM - R2R M\u00e9dical<\/title>\n<meta name=\"robots\" content=\"index, follow, max-snippet:-1, max-image-preview:large, max-video-preview:-1\" \/>\n<link rel=\"canonical\" href=\"https:\/\/r2rmedical.ma\/index.php\/produit\/bas-cuisse-ouvert-classe-2-medium\/\" \/>\n<meta property=\"og:locale\" content=\"fr_FR\" \/>\n<meta property=\"og:type\" content=\"article\" \/>\n<meta property=\"og:title\" content=\"BAS-CUISSE OUVERT CLASSE 2 MEDIUM - R2R M\u00e9dical\" \/>\n<meta property=\"og:description\" content=\"DR-MED\" \/>\n<meta property=\"og:url\" content=\"https:\/\/r2rmedical.ma\/index.php\/produit\/bas-cuisse-ouvert-classe-2-medium\/\" \/>\n<meta property=\"og:site_name\" content=\"R2R M\u00e9dical\" \/>\n<meta property=\"article:modified_time\" content=\"2023-07-25T14:25:29+00:00\" \/>\n<meta property=\"og:image\" content=\"https:\/\/r2rmedical.ma\/wp-content\/uploads\/2023\/07\/DR-A-061-20180329185322.jpg\" \/>\n\t<meta property=\"og:image:width\" content=\"700\" \/>\n\t<meta property=\"og:image:height\" content=\"637\" \/>\n\t<meta property=\"og:image:type\" content=\"image\/jpeg\" \/>\n<meta name=\"twitter:card\" content=\"summary_large_image\" \/>\n<script type=\"application\/ld+json\" class=\"yoast-schema-graph\">{\"@context\":\"https:\/\/schema.org\",\"@graph\":[{\"@type\":\"WebPage\",\"@id\":\"https:\/\/r2rmedical.ma\/index.php\/produit\/bas-cuisse-ouvert-classe-2-medium\/\",\"url\":\"https:\/\/r2rmedical.ma\/index.php\/produit\/bas-cuisse-ouvert-classe-2-medium\/\",\"name\":\"BAS-CUISSE OUVERT CLASSE 2 MEDIUM - R2R M\u00e9dical\",\"isPartOf\":{\"@id\":\"https:\/\/r2rmedical.ma\/#website\"},\"datePublished\":\"2023-07-25T14:25:28+00:00\",\"dateModified\":\"2023-07-25T14:25:29+00:00\",\"breadcrumb\":{\"@id\":\"https:\/\/r2rmedical.ma\/index.php\/produit\/bas-cuisse-ouvert-classe-2-medium\/#breadcrumb\"},\"inLanguage\":\"fr-FR\",\"potentialAction\":[{\"@type\":\"ReadAction\",\"target\":[\"https:\/\/r2rmedical.ma\/index.php\/produit\/bas-cuisse-ouvert-classe-2-medium\/\"]}]},{\"@type\":\"BreadcrumbList\",\"@id\":\"https:\/\/r2rmedical.ma\/index.php\/produit\/bas-cuisse-ouvert-classe-2-medium\/#breadcrumb\",\"itemListElement\":[{\"@type\":\"ListItem\",\"position\":1,\"name\":\"Accueil\",\"item\":\"https:\/\/r2rmedical.ma\/\"},{\"@type\":\"ListItem\",\"position\":2,\"name\":\"Boutique\",\"item\":\"https:\/\/r2rmedical.ma\/index.php\/boutique\/\"},{\"@type\":\"ListItem\",\"position\":3,\"name\":\"BAS-CUISSE OUVERT CLASSE 2 MEDIUM\"}]},{\"@type\":\"WebSite\",\"@id\":\"https:\/\/r2rmedical.ma\/#website\",\"url\":\"https:\/\/r2rmedical.ma\/\",\"name\":\"R2R M\u00e9dical\",\"description\":\"Import-export de mat\u00e9riel et dispositifs m\u00e9dicaux\",\"publisher\":{\"@id\":\"https:\/\/r2rmedical.ma\/#organization\"},\"potentialAction\":[{\"@type\":\"SearchAction\",\"target\":{\"@type\":\"EntryPoint\",\"urlTemplate\":\"https:\/\/r2rmedical.ma\/?s={search_term_string}\"},\"query-input\":\"required name=search_term_string\"}],\"inLanguage\":\"fr-FR\"},{\"@type\":\"Organization\",\"@id\":\"https:\/\/r2rmedical.ma\/#organization\",\"name\":\"R2R M\u00e9dical\",\"url\":\"https:\/\/r2rmedical.ma\/\",\"logo\":{\"@type\":\"ImageObject\",\"inLanguage\":\"fr-FR\",\"@id\":\"https:\/\/r2rmedical.ma\/#\/schema\/logo\/image\/\",\"url\":\"https:\/\/r2rmedical.ma\/wp-content\/uploads\/2023\/07\/cropped-Blue-Minimalist-Health-Tech-Medical-Logo-1.png\",\"contentUrl\":\"https:\/\/r2rmedical.ma\/wp-content\/uploads\/2023\/07\/cropped-Blue-Minimalist-Health-Tech-Medical-Logo-1.png\",\"width\":512,\"height\":512,\"caption\":\"R2R M\u00e9dical\"},\"image\":{\"@id\":\"https:\/\/r2rmedical.ma\/#\/schema\/logo\/image\/\"}}]}<\/script>\n<!-- \/ Yoast SEO plugin. -->","yoast_head_json":{"title":"BAS-CUISSE OUVERT CLASSE 2 MEDIUM - R2R M\u00e9dical","robots":{"index":"index","follow":"follow","max-snippet":"max-snippet:-1","max-image-preview":"max-image-preview:large","max-video-preview":"max-video-preview:-1"},"canonical":"https:\/\/r2rmedical.ma\/index.php\/produit\/bas-cuisse-ouvert-classe-2-medium\/","og_locale":"fr_FR","og_type":"article","og_title":"BAS-CUISSE OUVERT CLASSE 2 MEDIUM - R2R M\u00e9dical","og_description":"DR-MED","og_url":"https:\/\/r2rmedical.ma\/index.php\/produit\/bas-cuisse-ouvert-classe-2-medium\/","og_site_name":"R2R M\u00e9dical","article_modified_time":"2023-07-25T14:25:29+00:00","og_image":[{"width":700,"height":637,"url":"https:\/\/r2rmedical.ma\/wp-content\/uploads\/2023\/07\/DR-A-061-20180329185322.jpg","type":"image\/jpeg"}],"twitter_card":"summary_large_image","schema":{"@context":"https:\/\/schema.org","@graph":[{"@type":"WebPage","@id":"https:\/\/r2rmedical.ma\/index.php\/produit\/bas-cuisse-ouvert-classe-2-medium\/","url":"https:\/\/r2rmedical.ma\/index.php\/produit\/bas-cuisse-ouvert-classe-2-medium\/","name":"BAS-CUISSE OUVERT CLASSE 2 MEDIUM - R2R M\u00e9dical","isPartOf":{"@id":"https:\/\/r2rmedical.ma\/#website"},"datePublished":"2023-07-25T14:25:28+00:00","dateModified":"2023-07-25T14:25:29+00:00","breadcrumb":{"@id":"https:\/\/r2rmedical.ma\/index.php\/produit\/bas-cuisse-ouvert-classe-2-medium\/#breadcrumb"},"inLanguage":"fr-FR","potentialAction":[{"@type":"ReadAction","target":["https:\/\/r2rmedical.ma\/index.php\/produit\/bas-cuisse-ouvert-classe-2-medium\/"]}]},{"@type":"BreadcrumbList","@id":"https:\/\/r2rmedical.ma\/index.php\/produit\/bas-cuisse-ouvert-classe-2-medium\/#breadcrumb","itemListElement":[{"@type":"ListItem","position":1,"name":"Accueil","item":"https:\/\/r2rmedical.ma\/"},{"@type":"ListItem","position":2,"name":"Boutique","item":"https:\/\/r2rmedical.ma\/index.php\/boutique\/"},{"@type":"ListItem","position":3,"name":"BAS-CUISSE OUVERT CLASSE 2 MEDIUM"}]},{"@type":"WebSite","@id":"https:\/\/r2rmedical.ma\/#website","url":"https:\/\/r2rmedical.ma\/","name":"R2R M\u00e9dical","description":"Import-export de mat\u00e9riel et dispositifs m\u00e9dicaux","publisher":{"@id":"https:\/\/r2rmedical.ma\/#organization"},"potentialAction":[{"@type":"SearchAction","target":{"@type":"EntryPoint","urlTemplate":"https:\/\/r2rmedical.ma\/?s={search_term_string}"},"query-input":"required name=search_term_string"}],"inLanguage":"fr-FR"},{"@type":"Organization","@id":"https:\/\/r2rmedical.ma\/#organization","name":"R2R M\u00e9dical","url":"https:\/\/r2rmedical.ma\/","logo":{"@type":"ImageObject","inLanguage":"fr-FR","@id":"https:\/\/r2rmedical.ma\/#\/schema\/logo\/image\/","url":"https:\/\/r2rmedical.ma\/wp-content\/uploads\/2023\/07\/cropped-Blue-Minimalist-Health-Tech-Medical-Logo-1.png","contentUrl":"https:\/\/r2rmedical.ma\/wp-content\/uploads\/2023\/07\/cropped-Blue-Minimalist-Health-Tech-Medical-Logo-1.png","width":512,"height":512,"caption":"R2R M\u00e9dical"},"image":{"@id":"https:\/\/r2rmedical.ma\/#\/schema\/logo\/image\/"}}]}},"_links":{"self":[{"href":"https:\/\/r2rmedical.ma\/index.php\/wp-json\/wp\/v2\/product\/18379","targetHints":{"allow":["GET"]}}],"collection":[{"href":"https:\/\/r2rmedical.ma\/index.php\/wp-json\/wp\/v2\/product"}],"about":[{"href":"https:\/\/r2rmedical.ma\/index.php\/wp-json\/wp\/v2\/types\/product"}],"replies":[{"embeddable":true,"href":"https:\/\/r2rmedical.ma\/index.php\/wp-json\/wp\/v2\/comments?post=18379"}],"wp:featuredmedia":[{"embeddable":true,"href":"https:\/\/r2rmedical.ma\/index.php\/wp-json\/wp\/v2\/media\/17557"}],"wp:attachment":[{"href":"https:\/\/r2rmedical.ma\/index.php\/wp-json\/wp\/v2\/media?parent=18379"}],"wp:term":[{"taxonomy":"product_cat","embeddable":true,"href":"https:\/\/r2rmedical.ma\/index.php\/wp-json\/wp\/v2\/product_cat?post=18379"},{"taxonomy":"product_tag","embeddable":true,"href":"https:\/\/r2rmedical.ma\/index.php\/wp-json\/wp\/v2\/product_tag?post=18379"}],"curies":[{"name":"wp","href":"https:\/\/api.w.org\/{rel}","templated":true}]}}