{"id":18354,"date":"2023-07-25T14:25:26","date_gmt":"2023-07-25T14:25:26","guid":{"rendered":"https:\/\/r2rmedical.ma\/?post_type=product&#038;p=18354"},"modified":"2023-07-25T14:25:27","modified_gmt":"2023-07-25T14:25:27","slug":"tensiometre-digital-brassard-yuwell-captiva","status":"publish","type":"product","link":"https:\/\/r2rmedical.ma\/index.php\/produit\/tensiometre-digital-brassard-yuwell-captiva\/","title":{"rendered":"TENSIOMETRE DIGITAL BRASSARD YUWELL &#8220;CAPTIVA&#8221;"},"content":{"rendered":"<ul>\n<li>\u2022\u00a0Affichage r\u00e9tro\u00e9clair\u00e9<\/li>\n<li>\u2022\u00a0Large \u00e9cran LCD lumineux<\/li>\n<li>\u2022\u00a0Fonction haut-parleur<\/li>\n<li>\u2022\u00a0Indicateur de battement irr\u00e9gulier du c\u0153ur, d\u2019erreur ou mauvaise utilisation<\/li>\n<li>\u2022\u00a0Gonflage et d\u00e9compression automatique<\/li>\n<li>\u2022\u00a090 groupes de m\u00e9moires<\/li>\n<li>\u2022\u00a0Affichage de la moyenne des trois derni\u00e8res mesures<\/li>\n<li>\u2022\u00a0Brassard Adulte<\/li>\n<li>\u2022\u00a0A Piles &#8211; Adaptateur : 220V<\/li>\n<\/ul>\n","protected":false},"excerpt":{"rendered":"<p>YUWEL<\/p>\n","protected":false},"featured_media":17498,"comment_status":"open","ping_status":"closed","template":"","meta":{"_acf_changed":false},"product_cat":[29],"product_tag":[],"class_list":{"0":"post-18354","1":"product","2":"type-product","3":"status-publish","4":"has-post-thumbnail","6":"product_cat-diagnostic","8":"first","9":"instock","10":"shipping-taxable","11":"purchasable","12":"product-type-simple"},"acf":[],"yoast_head":"<!-- This site is optimized with the Yoast SEO plugin v21.1 - https:\/\/yoast.com\/wordpress\/plugins\/seo\/ -->\n<title>TENSIOMETRE DIGITAL BRASSARD YUWELL &quot;CAPTIVA&quot; - R2R M\u00e9dical<\/title>\n<meta name=\"robots\" content=\"index, follow, max-snippet:-1, max-image-preview:large, max-video-preview:-1\" \/>\n<link rel=\"canonical\" href=\"https:\/\/r2rmedical.ma\/index.php\/produit\/tensiometre-digital-brassard-yuwell-captiva\/\" \/>\n<meta property=\"og:locale\" content=\"fr_FR\" \/>\n<meta property=\"og:type\" content=\"article\" \/>\n<meta property=\"og:title\" content=\"TENSIOMETRE DIGITAL BRASSARD YUWELL &quot;CAPTIVA&quot; - R2R M\u00e9dical\" \/>\n<meta property=\"og:description\" content=\"YUWEL\" \/>\n<meta property=\"og:url\" content=\"https:\/\/r2rmedical.ma\/index.php\/produit\/tensiometre-digital-brassard-yuwell-captiva\/\" \/>\n<meta property=\"og:site_name\" content=\"R2R M\u00e9dical\" \/>\n<meta property=\"article:modified_time\" content=\"2023-07-25T14:25:27+00:00\" \/>\n<meta property=\"og:image\" content=\"https:\/\/r2rmedical.ma\/wp-content\/uploads\/2023\/07\/YE660F-20180815154616.jpg\" \/>\n\t<meta property=\"og:image:width\" content=\"700\" \/>\n\t<meta property=\"og:image:height\" content=\"636\" \/>\n\t<meta property=\"og:image:type\" content=\"image\/jpeg\" \/>\n<meta name=\"twitter:card\" content=\"summary_large_image\" \/>\n<script type=\"application\/ld+json\" class=\"yoast-schema-graph\">{\"@context\":\"https:\/\/schema.org\",\"@graph\":[{\"@type\":\"WebPage\",\"@id\":\"https:\/\/r2rmedical.ma\/index.php\/produit\/tensiometre-digital-brassard-yuwell-captiva\/\",\"url\":\"https:\/\/r2rmedical.ma\/index.php\/produit\/tensiometre-digital-brassard-yuwell-captiva\/\",\"name\":\"TENSIOMETRE DIGITAL BRASSARD YUWELL \\\"CAPTIVA\\\" - R2R M\u00e9dical\",\"isPartOf\":{\"@id\":\"https:\/\/r2rmedical.ma\/#website\"},\"datePublished\":\"2023-07-25T14:25:26+00:00\",\"dateModified\":\"2023-07-25T14:25:27+00:00\",\"breadcrumb\":{\"@id\":\"https:\/\/r2rmedical.ma\/index.php\/produit\/tensiometre-digital-brassard-yuwell-captiva\/#breadcrumb\"},\"inLanguage\":\"fr-FR\",\"potentialAction\":[{\"@type\":\"ReadAction\",\"target\":[\"https:\/\/r2rmedical.ma\/index.php\/produit\/tensiometre-digital-brassard-yuwell-captiva\/\"]}]},{\"@type\":\"BreadcrumbList\",\"@id\":\"https:\/\/r2rmedical.ma\/index.php\/produit\/tensiometre-digital-brassard-yuwell-captiva\/#breadcrumb\",\"itemListElement\":[{\"@type\":\"ListItem\",\"position\":1,\"name\":\"Accueil\",\"item\":\"https:\/\/r2rmedical.ma\/\"},{\"@type\":\"ListItem\",\"position\":2,\"name\":\"Boutique\",\"item\":\"https:\/\/r2rmedical.ma\/index.php\/boutique\/\"},{\"@type\":\"ListItem\",\"position\":3,\"name\":\"TENSIOMETRE DIGITAL BRASSARD YUWELL \u00ab\u00a0CAPTIVA\u00a0\u00bb\"}]},{\"@type\":\"WebSite\",\"@id\":\"https:\/\/r2rmedical.ma\/#website\",\"url\":\"https:\/\/r2rmedical.ma\/\",\"name\":\"R2R M\u00e9dical\",\"description\":\"Import-export de mat\u00e9riel et dispositifs m\u00e9dicaux\",\"publisher\":{\"@id\":\"https:\/\/r2rmedical.ma\/#organization\"},\"potentialAction\":[{\"@type\":\"SearchAction\",\"target\":{\"@type\":\"EntryPoint\",\"urlTemplate\":\"https:\/\/r2rmedical.ma\/?s={search_term_string}\"},\"query-input\":\"required name=search_term_string\"}],\"inLanguage\":\"fr-FR\"},{\"@type\":\"Organization\",\"@id\":\"https:\/\/r2rmedical.ma\/#organization\",\"name\":\"R2R M\u00e9dical\",\"url\":\"https:\/\/r2rmedical.ma\/\",\"logo\":{\"@type\":\"ImageObject\",\"inLanguage\":\"fr-FR\",\"@id\":\"https:\/\/r2rmedical.ma\/#\/schema\/logo\/image\/\",\"url\":\"https:\/\/r2rmedical.ma\/wp-content\/uploads\/2023\/07\/cropped-Blue-Minimalist-Health-Tech-Medical-Logo-1.png\",\"contentUrl\":\"https:\/\/r2rmedical.ma\/wp-content\/uploads\/2023\/07\/cropped-Blue-Minimalist-Health-Tech-Medical-Logo-1.png\",\"width\":512,\"height\":512,\"caption\":\"R2R M\u00e9dical\"},\"image\":{\"@id\":\"https:\/\/r2rmedical.ma\/#\/schema\/logo\/image\/\"}}]}<\/script>\n<!-- \/ Yoast SEO plugin. -->","yoast_head_json":{"title":"TENSIOMETRE DIGITAL BRASSARD YUWELL \"CAPTIVA\" - R2R M\u00e9dical","robots":{"index":"index","follow":"follow","max-snippet":"max-snippet:-1","max-image-preview":"max-image-preview:large","max-video-preview":"max-video-preview:-1"},"canonical":"https:\/\/r2rmedical.ma\/index.php\/produit\/tensiometre-digital-brassard-yuwell-captiva\/","og_locale":"fr_FR","og_type":"article","og_title":"TENSIOMETRE DIGITAL BRASSARD YUWELL \"CAPTIVA\" - R2R M\u00e9dical","og_description":"YUWEL","og_url":"https:\/\/r2rmedical.ma\/index.php\/produit\/tensiometre-digital-brassard-yuwell-captiva\/","og_site_name":"R2R M\u00e9dical","article_modified_time":"2023-07-25T14:25:27+00:00","og_image":[{"width":700,"height":636,"url":"https:\/\/r2rmedical.ma\/wp-content\/uploads\/2023\/07\/YE660F-20180815154616.jpg","type":"image\/jpeg"}],"twitter_card":"summary_large_image","schema":{"@context":"https:\/\/schema.org","@graph":[{"@type":"WebPage","@id":"https:\/\/r2rmedical.ma\/index.php\/produit\/tensiometre-digital-brassard-yuwell-captiva\/","url":"https:\/\/r2rmedical.ma\/index.php\/produit\/tensiometre-digital-brassard-yuwell-captiva\/","name":"TENSIOMETRE DIGITAL BRASSARD YUWELL \"CAPTIVA\" - R2R M\u00e9dical","isPartOf":{"@id":"https:\/\/r2rmedical.ma\/#website"},"datePublished":"2023-07-25T14:25:26+00:00","dateModified":"2023-07-25T14:25:27+00:00","breadcrumb":{"@id":"https:\/\/r2rmedical.ma\/index.php\/produit\/tensiometre-digital-brassard-yuwell-captiva\/#breadcrumb"},"inLanguage":"fr-FR","potentialAction":[{"@type":"ReadAction","target":["https:\/\/r2rmedical.ma\/index.php\/produit\/tensiometre-digital-brassard-yuwell-captiva\/"]}]},{"@type":"BreadcrumbList","@id":"https:\/\/r2rmedical.ma\/index.php\/produit\/tensiometre-digital-brassard-yuwell-captiva\/#breadcrumb","itemListElement":[{"@type":"ListItem","position":1,"name":"Accueil","item":"https:\/\/r2rmedical.ma\/"},{"@type":"ListItem","position":2,"name":"Boutique","item":"https:\/\/r2rmedical.ma\/index.php\/boutique\/"},{"@type":"ListItem","position":3,"name":"TENSIOMETRE DIGITAL BRASSARD YUWELL \u00ab\u00a0CAPTIVA\u00a0\u00bb"}]},{"@type":"WebSite","@id":"https:\/\/r2rmedical.ma\/#website","url":"https:\/\/r2rmedical.ma\/","name":"R2R M\u00e9dical","description":"Import-export de mat\u00e9riel et dispositifs m\u00e9dicaux","publisher":{"@id":"https:\/\/r2rmedical.ma\/#organization"},"potentialAction":[{"@type":"SearchAction","target":{"@type":"EntryPoint","urlTemplate":"https:\/\/r2rmedical.ma\/?s={search_term_string}"},"query-input":"required name=search_term_string"}],"inLanguage":"fr-FR"},{"@type":"Organization","@id":"https:\/\/r2rmedical.ma\/#organization","name":"R2R M\u00e9dical","url":"https:\/\/r2rmedical.ma\/","logo":{"@type":"ImageObject","inLanguage":"fr-FR","@id":"https:\/\/r2rmedical.ma\/#\/schema\/logo\/image\/","url":"https:\/\/r2rmedical.ma\/wp-content\/uploads\/2023\/07\/cropped-Blue-Minimalist-Health-Tech-Medical-Logo-1.png","contentUrl":"https:\/\/r2rmedical.ma\/wp-content\/uploads\/2023\/07\/cropped-Blue-Minimalist-Health-Tech-Medical-Logo-1.png","width":512,"height":512,"caption":"R2R M\u00e9dical"},"image":{"@id":"https:\/\/r2rmedical.ma\/#\/schema\/logo\/image\/"}}]}},"_links":{"self":[{"href":"https:\/\/r2rmedical.ma\/index.php\/wp-json\/wp\/v2\/product\/18354","targetHints":{"allow":["GET"]}}],"collection":[{"href":"https:\/\/r2rmedical.ma\/index.php\/wp-json\/wp\/v2\/product"}],"about":[{"href":"https:\/\/r2rmedical.ma\/index.php\/wp-json\/wp\/v2\/types\/product"}],"replies":[{"embeddable":true,"href":"https:\/\/r2rmedical.ma\/index.php\/wp-json\/wp\/v2\/comments?post=18354"}],"wp:featuredmedia":[{"embeddable":true,"href":"https:\/\/r2rmedical.ma\/index.php\/wp-json\/wp\/v2\/media\/17498"}],"wp:attachment":[{"href":"https:\/\/r2rmedical.ma\/index.php\/wp-json\/wp\/v2\/media?parent=18354"}],"wp:term":[{"taxonomy":"product_cat","embeddable":true,"href":"https:\/\/r2rmedical.ma\/index.php\/wp-json\/wp\/v2\/product_cat?post=18354"},{"taxonomy":"product_tag","embeddable":true,"href":"https:\/\/r2rmedical.ma\/index.php\/wp-json\/wp\/v2\/product_tag?post=18354"}],"curies":[{"name":"wp","href":"https:\/\/api.w.org\/{rel}","templated":true}]}}